{"id":3228,"date":"2021-10-20T13:32:06","date_gmt":"2021-10-20T11:32:06","guid":{"rendered":"https:\/\/bongall.es\/?page_id=3228"},"modified":"2021-10-20T13:32:06","modified_gmt":"2021-10-20T11:32:06","slug":"aviso-legal","status":"publish","type":"page","link":"https:\/\/bongall.es\/ca\/aviso-legal\/","title":{"rendered":"Aviso legal"},"content":{"rendered":"<style type=\"text\/css\">table { border: 1px solid black; }tr{ border: 1px solid black; }td{ border: 1px solid black; }.page .has-fullwidth article, .page .has-fullwidth article>.entry-content{margin-left:75px; margin-right:75px;}<\/style>\n<h2>AVISO LEGAL<\/h2>\n<p><strong>\u00a0<\/strong><\/p>\n<h3>INTRODUCCI\u00d3N<\/h3>\n<p><strong>\u00a0<\/strong><\/p>\n<p>En cumplimiento de la Ley 34\/2002, de 11 de julio, de Servicios de la Sociedad de la Informaci\u00f3n y de Comercio Electr\u00f3nico (LSSI-CE), WAITING MAN SA informa que es titular del sitio web. De acuerdo con la exigencia del art\u00edculo 10 de la citada Ley, WAITING MAN SA informa de los siguientes datos:<\/p>\n<p>&nbsp;<\/p>\n<table>\n<tbody>\n<tr>\n<td width=\"130\"><strong>RAZ\u00d3N SOCIAL<\/strong><\/td>\n<td width=\"484\">WAITING MAN SA<\/td>\n<\/tr>\n<tr>\n<td width=\"130\"><strong>NIF<\/strong><\/td>\n<td width=\"484\">A62300157<\/td>\n<\/tr>\n<tr>\n<td width=\"130\"><strong>DIRECCI\u00d3N<\/strong><\/p>\n<p><strong>POSTAL<\/strong><\/td>\n<td width=\"484\">CALLE MAYOR DE SARRIA 47 BAJOS 08017, BARCELONA<\/td>\n<\/tr>\n<tr>\n<td width=\"130\"><strong>DIRECCI\u00d3N<\/strong><\/p>\n<p><strong>ELECTR\u00d3NICA<\/strong><\/td>\n<td width=\"484\"><a href=\"mailto:info@bongall.es\">info@bongall.es<\/a><\/td>\n<\/tr>\n<tr>\n<td width=\"130\"><strong>TEL\u00c9FONOS<\/strong><\/td>\n<td width=\"484\">932057597<\/td>\n<\/tr>\n<tr>\n<td width=\"130\"><strong>REGISTRO<\/strong><\/p>\n<p><strong>MERCANTIL<\/strong><\/td>\n<td width=\"484\">tomo &#8230;&#8230;&#8230;, folio &#8230;&#8230;&#8230;, hoja &#8230;&#8230;&#8230; e inscripci\u00f3n &#8230;&#8230;&#8230;<\/td>\n<\/tr>\n<tr>\n<td width=\"130\"><strong>OBJETO<\/strong><\/p>\n<p><strong>PRINCIPAL<\/strong><\/td>\n<td width=\"484\">Demostraci\u00f3n de comida para llevar<\/td>\n<\/tr>\n<\/tbody>\n<\/table>\n<p>&nbsp;<\/p>\n<p>&nbsp;<\/p>\n<h3>USUARIO Y R\u00c9GIMEN DE RESPONSABILIDADES<\/h3>\n<p><strong>\u00a0<\/strong><\/p>\n<p>La navegaci\u00f3n, acceso y uso por el sitio web de WAITING MAN SA confiere la condici\u00f3n de usuario, por la que se aceptan, desde la navegaci\u00f3n por el sitio web de WAITING MAN SA, todas las condiciones de uso aqu\u00ed establecidas sin perjuicio de la aplicaci\u00f3n de la correspondiente normativa de obligado cumplimiento legal seg\u00fan el caso.<\/p>\n<p>&nbsp;<\/p>\n<p>El sitio web de WAITING MAN SA proporciona gran diversidad de informaci\u00f3n, servicios y datos. El usuario asume su responsabilidad en el uso correcto del sitio web. Esta responsabilidad se extender\u00e1 a:<\/p>\n<p>&nbsp;<\/p>\n<ul>\n<li>La veracidad y licitud de las informaciones aportadas por el usuario en los formularios extendidos por WAITING MAN SA para el acceso a ciertos contenidos o servicios ofrecidos por el<\/li>\n<li>El uso de la informaci\u00f3n, servicios y datos ofrecidos por WAITING MAN SA contrariamente a lo dispuesto por las presentes condiciones, la Ley, la moral, las buenas costumbres o el orden p\u00fablico, o que de cualquier otro modo puedan suponer lesi\u00f3n de los derechos de terceros o del mismo funcionamiento del sitio web.<\/li>\n<\/ul>\n<p>&nbsp;<\/p>\n<h3>POL\u00cdTICA DE ENLACES Y EXENCIONES DE RESPONSABILIDAD<\/h3>\n<p><strong>\u00a0<\/strong><\/p>\n<p>WAITING MAN SA no se hace responsable del contenido de los sitios web a los que el usuario pueda acceder a trav\u00e9s de los enlaces establecidos en su sitio web y declara que en ning\u00fan caso proceder\u00e1 a examinar o ejercitar ning\u00fan tipo de control sobre el contenido de otros sitios de la red. Asimismo, tampoco garantizar\u00e1 la disponibilidad t\u00e9cnica, exactitud, veracidad, validez o legalidad de sitios ajenos a su propiedad a los que se pueda acceder por medio de los enlaces.<\/p>\n<p><strong>\u00a0<\/strong><\/p>\n<p>WAITING MAN SA declara haber adoptado todas las medidas necesarias para evitar cualquier da\u00f1o a los usuarios de su sitio web, que pudieran derivarse de la navegaci\u00f3n por su sitio web. En consecuencia, WAITING MAN SA no se hace responsable, en ning\u00fan caso, de los eventuales da\u00f1os que por la navegaci\u00f3n por Internet pudiera sufrir el usuario.<\/p>\n<p>&nbsp;<\/p>\n<h3>MODIFICACIONES<\/h3>\n<p><strong>\u00a0<\/strong><\/p>\n<p>WAITING MAN SA se reserva el derecho a realizar las modificaciones que considere oportunas, sin aviso previo, en el contenido de su sitio web. Tanto en lo referente a los contenidos del sitio web, como en las condiciones de uso del mismo, o en las condiciones generales de contrataci\u00f3n. Dichas modificaciones podr\u00e1n realizarse a trav\u00e9s de su sitio web por cualquier forma admisible en derecho y ser\u00e1n de obligado cumplimiento durante el tiempo en que se encuentren publicadas en el web y hasta que no sean modificadas v\u00e1lidamente por otras posteriores.<\/p>\n<p>&nbsp;<\/p>\n<h3>PROPIEDAD INTELECTUAL E INDUSTRIAL<\/h3>\n<p><strong>\u00a0<\/strong><\/p>\n<p>WAITING MAN SA por s\u00ed misma o como cesionaria, es titular de todos los derechos de propiedad intelectual e industrial de su p\u00e1gina web, as\u00ed como de los elementos contenidos en la misma (a t\u00edtulo enunciativo, im\u00e1genes, sonido, audio, v\u00eddeo, software o textos; marcas o logotipos, combinaciones de colores, estructura y dise\u00f1o, selecci\u00f3n de materiales usados, programas de ordenador necesarios para su funcionamiento, acceso y uso, etc.), titularidad de WAITING MAN SA. Ser\u00e1n, por consiguiente, obras protegidas como propiedad intelectual por el ordenamiento jur\u00eddico espa\u00f1ol, si\u00e9ndoles aplicables tanto la normativa espa\u00f1ola y comunitaria en este campo, como los tratados internacionales relativos a la materia y suscritos por Espa\u00f1a.<\/p>\n<p>&nbsp;<\/p>\n<p>Todos los derechos reservados. En virtud de lo dispuesto en la Ley de Propiedad Intelectual, quedan expresamente prohibidas la reproducci\u00f3n, la distribuci\u00f3n y la comunicaci\u00f3n p\u00fablica, incluida su modalidad de puesta a disposici\u00f3n, de la totalidad o parte de los contenidos de esta p\u00e1gina web, con fines comerciales, en cualquier soporte y por cualquier medio t\u00e9cnico, sin la autorizaci\u00f3n de WAITING MAN SA.<\/p>\n<p>&nbsp;<\/p>\n<p>El usuario se compromete a respetar los derechos de Propiedad Intelectual e Industrial titularidad de WAITING MAN SA. Podr\u00e1 visualizar los elementos del portal e incluso imprimirlos, copiarlos y almacenarlos en el disco duro de su ordenador o en cualquier otro soporte f\u00edsico siempre y cuando sea, \u00fanica y exclusivamente, para su uso personal y privado. El usuario deber\u00e1 abstenerse de suprimir, alterar, eludir o manipular cualquier dispositivo de protecci\u00f3n o sistema de seguridad que estuviera instalado en las p\u00e1ginas de WAITING MAN SA.<\/p>\n<p>&nbsp;<\/p>\n<h3>CERTIFICADO SSL (SECURE SOCKETS LAYER)<\/h3>\n<p><strong>\u00a0<\/strong><\/p>\n<p>El CERTIFICADO SSL proporciona autenticaci\u00f3n, privacidad y seguridad de la informaci\u00f3n entre WAITING MAN SA y el usuario.<\/p>\n<p>&nbsp;<\/p>\n<p>WAITING MAN SA dispone de un certificado de seguridad que se utiliza por CERTIFICADO SSL para realizar conexiones seguras.<\/p>\n<p>&nbsp;<\/p>\n<p>En este proceso se establecen varios par\u00e1metros para realizar la conexi\u00f3n de forma segura y se establece usando llaves preestablecidas, codificando y descodificando todos los datos enviados hasta que la conexi\u00f3n sea cerrada.<\/p>\n<p>&nbsp;<\/p>\n<h3>ACCIONES LEGALES, LEGISLACI\u00d3N APLICABLE Y JURISDICCI\u00d3N<\/h3>\n<p><strong>\u00a0<\/strong><\/p>\n<p>WAITING MAN SA se reserva, asimismo, la facultad de presentar las acciones civiles o penales que considere oportunas por la utilizaci\u00f3n indebida de su sitio web y contenidos, o por el incumplimiento de las presentes condiciones.<\/p>\n<p>La relaci\u00f3n entre el usuario y el prestador se regir\u00e1 por la normativa vigente y de aplicaci\u00f3n en el territorio espa\u00f1ol. De surgir cualquier controversia las partes podr\u00e1n someter sus conflictos a arbitraje o acudir a la jurisdicci\u00f3n ordinaria cumpliendo con las normas sobre jurisdicci\u00f3n y competencia al respecto. WAITING MAN SA tiene su domicilio en BARCELONA, Espa\u00f1a.<\/p>\n<p>Los contratos celebrados por v\u00eda electr\u00f3nica en los que intervenga como parte un consumidor se presumir\u00e1n celebrados en el lugar en que \u00e9ste tenga su residencia habitual.<\/p>\n<p>&nbsp;<\/p>\n<p><strong>Los contratos electr\u00f3nicos entre empresarios o profesionales, en defecto de pacto entre las partes, se presumir\u00e1n celebrados en el lugar en que est\u00e9 establecido el prestador de servicios.<\/strong><\/p>\n<p>&nbsp;<\/p>\n","protected":false},"excerpt":{"rendered":"<p>AVISO LEGAL \u00a0 INTRODUCCI\u00d3N \u00a0 En cumplimiento de la Ley 34\/2002, de 11 de julio, de Servicios de la Sociedad de la Informaci\u00f3n y de Comercio Electr\u00f3nico (LSSI-CE), WAITING MAN SA informa que es titular del sitio web. De acuerdo con la exigencia del art\u00edculo 10 de la citada Ley, WAITING MAN SA informa de [&hellip;]<\/p>\n","protected":false},"author":1,"featured_media":0,"parent":0,"menu_order":0,"comment_status":"closed","ping_status":"closed","template":"","meta":[],"yoast_head":"<!-- This site is optimized with the Yoast SEO plugin v16.3 - https:\/\/yoast.com\/wordpress\/plugins\/seo\/ -->\n<title>Aviso legal - El millor pollastres a l&#039;ast en Barcelona t&#039;est\u00e0 esperant! - BonGall<\/title>\n<meta name=\"robots\" content=\"index, follow, max-snippet:-1, max-image-preview:large, max-video-preview:-1\" \/>\n<link rel=\"canonical\" href=\"https:\/\/bongall.es\/ca\/aviso-legal\/\" \/>\n<meta property=\"og:locale\" content=\"ca_ES\" \/>\n<meta property=\"og:type\" content=\"article\" \/>\n<meta property=\"og:title\" content=\"Aviso legal - El millor pollastres a l&#039;ast en Barcelona t&#039;est\u00e0 esperant! - BonGall\" \/>\n<meta property=\"og:description\" content=\"AVISO LEGAL \u00a0 INTRODUCCI\u00d3N \u00a0 En cumplimiento de la Ley 34\/2002, de 11 de julio, de Servicios de la Sociedad de la Informaci\u00f3n y de Comercio Electr\u00f3nico (LSSI-CE), WAITING MAN SA informa que es titular del sitio web. De acuerdo con la exigencia del art\u00edculo 10 de la citada Ley, WAITING MAN SA informa de [&hellip;]\" \/>\n<meta property=\"og:url\" content=\"https:\/\/bongall.es\/ca\/aviso-legal\/\" \/>\n<meta property=\"og:site_name\" content=\"El millor pollastres a l&#039;ast en Barcelona t&#039;est\u00e0 esperant! - BonGall\" \/>\n<meta name=\"twitter:card\" content=\"summary_large_image\" \/>\n<meta name=\"twitter:label1\" content=\"Temps estimat de lectura\">\n\t<meta name=\"twitter:data1\" content=\"12 minuts\">\n<script type=\"application\/ld+json\" class=\"yoast-schema-graph\">{\"@context\":\"https:\/\/schema.org\",\"@graph\":[{\"@type\":\"Organization\",\"@id\":\"https:\/\/bongall.es\/#organization\",\"name\":\"Pollastres a l'ast\",\"url\":\"https:\/\/bongall.es\/\",\"sameAs\":[],\"logo\":{\"@type\":\"ImageObject\",\"@id\":\"https:\/\/bongall.es\/#logo\",\"inLanguage\":\"ca\",\"url\":\"https:\/\/bongall.es\/wp-content\/uploads\/2020\/10\/pollos-a-last-1.png\",\"contentUrl\":\"https:\/\/bongall.es\/wp-content\/uploads\/2020\/10\/pollos-a-last-1.png\",\"width\":70,\"height\":125,\"caption\":\"Pollastres a l'ast\"},\"image\":{\"@id\":\"https:\/\/bongall.es\/#logo\"}},{\"@type\":\"WebSite\",\"@id\":\"https:\/\/bongall.es\/#website\",\"url\":\"https:\/\/bongall.es\/\",\"name\":\"El millor pollastres a l'ast en Barcelona t'est\\u00e0 esperant! - BonGall\",\"description\":\"\",\"publisher\":{\"@id\":\"https:\/\/bongall.es\/#organization\"},\"potentialAction\":[{\"@type\":\"SearchAction\",\"target\":\"https:\/\/bongall.es\/?s={search_term_string}\",\"query-input\":\"required name=search_term_string\"}],\"inLanguage\":\"ca\"},{\"@type\":\"WebPage\",\"@id\":\"https:\/\/bongall.es\/ca\/aviso-legal\/#webpage\",\"url\":\"https:\/\/bongall.es\/ca\/aviso-legal\/\",\"name\":\"Aviso legal - El millor pollastres a l'ast en Barcelona t'est\\u00e0 esperant! - BonGall\",\"isPartOf\":{\"@id\":\"https:\/\/bongall.es\/#website\"},\"datePublished\":\"2021-10-20T11:32:06+00:00\",\"dateModified\":\"2021-10-20T11:32:06+00:00\",\"breadcrumb\":{\"@id\":\"https:\/\/bongall.es\/ca\/aviso-legal\/#breadcrumb\"},\"inLanguage\":\"ca\",\"potentialAction\":[{\"@type\":\"ReadAction\",\"target\":[\"https:\/\/bongall.es\/ca\/aviso-legal\/\"]}]},{\"@type\":\"BreadcrumbList\",\"@id\":\"https:\/\/bongall.es\/ca\/aviso-legal\/#breadcrumb\",\"itemListElement\":[{\"@type\":\"ListItem\",\"position\":1,\"item\":{\"@type\":\"WebPage\",\"@id\":\"https:\/\/bongall.es\/ca\/\",\"url\":\"https:\/\/bongall.es\/ca\/\",\"name\":\"Portada\"}},{\"@type\":\"ListItem\",\"position\":2,\"item\":{\"@id\":\"https:\/\/bongall.es\/ca\/aviso-legal\/#webpage\"}}]}]}<\/script>\n<!-- \/ Yoast SEO plugin. -->","_links":{"self":[{"href":"https:\/\/bongall.es\/ca\/wp-json\/wp\/v2\/pages\/3228"}],"collection":[{"href":"https:\/\/bongall.es\/ca\/wp-json\/wp\/v2\/pages"}],"about":[{"href":"https:\/\/bongall.es\/ca\/wp-json\/wp\/v2\/types\/page"}],"author":[{"embeddable":true,"href":"https:\/\/bongall.es\/ca\/wp-json\/wp\/v2\/users\/1"}],"replies":[{"embeddable":true,"href":"https:\/\/bongall.es\/ca\/wp-json\/wp\/v2\/comments?post=3228"}],"version-history":[{"count":1,"href":"https:\/\/bongall.es\/ca\/wp-json\/wp\/v2\/pages\/3228\/revisions"}],"predecessor-version":[{"id":3242,"href":"https:\/\/bongall.es\/ca\/wp-json\/wp\/v2\/pages\/3228\/revisions\/3242"}],"wp:attachment":[{"href":"https:\/\/bongall.es\/ca\/wp-json\/wp\/v2\/media?parent=3228"}],"curies":[{"name":"wp","href":"https:\/\/api.w.org\/{rel}","templated":true}]}}